{"id":140,"date":"2018-11-21T10:27:51","date_gmt":"2018-11-21T10:27:51","guid":{"rendered":"http:\/\/art-guenther-koehler.com\/?page_id=140"},"modified":"2019-01-16T12:01:31","modified_gmt":"2019-01-16T12:01:31","slug":"frankreich","status":"publish","type":"page","link":"https:\/\/www.art-guenther-koehler.com\/en\/frankreich\/","title":{"rendered":"France"},"content":{"rendered":"<div data-elementor-type=\"wp-post\" data-elementor-id=\"140\" class=\"elementor elementor-140 elementor-bc-flex-widget\" data-elementor-settings=\"[]\">\n\t\t\t\t\t\t<div class=\"elementor-inner\">\n\t\t\t\t\t\t\t<div class=\"elementor-section-wrap\">\n\t\t\t\t\t\t\t<section class=\"elementor-section elementor-top-section elementor-element elementor-element-4258216 elementor-section-boxed elementor-section-height-default elementor-section-height-default\" data-id=\"4258216\" data-element_type=\"section\">\n\t\t\t\t\t\t<div class=\"elementor-container elementor-column-gap-default\">\n\t\t\t\t\t\t\t<div class=\"elementor-row\">\n\t\t\t\t\t<div class=\"elementor-column elementor-col-100 elementor-top-column elementor-element elementor-element-e56242f\" data-id=\"e56242f\" data-element_type=\"column\">\n\t\t\t<div class=\"elementor-column-wrap elementor-element-populated\">\n\t\t\t\t\t\t\t<div class=\"elementor-widget-wrap\">\n\t\t\t\t\t\t<div class=\"elementor-element elementor-element-546f867 elementor-arrows-position-outside elementor-pagination-position-outside elementor-widget elementor-widget-image-carousel\" data-id=\"546f867\" data-element_type=\"widget\" data-settings=\"{&quot;slides_to_show&quot;:&quot;1&quot;,&quot;autoplay_speed&quot;:6000,&quot;effect&quot;:&quot;fade&quot;,&quot;navigation&quot;:&quot;both&quot;,&quot;autoplay&quot;:&quot;yes&quot;,&quot;pause_on_hover&quot;:&quot;yes&quot;,&quot;pause_on_interaction&quot;:&quot;yes&quot;,&quot;infinite&quot;:&quot;yes&quot;,&quot;speed&quot;:500}\" data-widget_type=\"image-carousel.default\">\n\t\t\t\t<div class=\"elementor-widget-container\">\n\t\t\t\t\t<div class=\"elementor-image-carousel-wrapper swiper-container\" dir=\"ltr\">\n\t\t\t<div class=\"elementor-image-carousel swiper-wrapper\">\n\t\t\t\t<div class=\"swiper-slide\"><figure class=\"swiper-slide-inner\"><img decoding=\"async\" class=\"swiper-slide-image\" src=\"https:\/\/www.art-guenther-koehler.com\/wp-content\/uploads\/2018\/11\/Bilder-001_pl478248.jpg\" alt=\"Mount Victoire Aix en Provence 1990\" \/><figcaption class=\"elementor-image-carousel-caption\">Mount Victoire Aix en Provence 1990<\/figcaption><\/figure><\/div><div class=\"swiper-slide\"><figure class=\"swiper-slide-inner\"><img decoding=\"async\" class=\"swiper-slide-image\" src=\"https:\/\/www.art-guenther-koehler.com\/wp-content\/uploads\/2018\/11\/Bilder-016.jpg\" alt=\"Cannes Strand 1958\" \/><figcaption class=\"elementor-image-carousel-caption\">Cannes beach 1958<\/figcaption><\/figure><\/div><div class=\"swiper-slide\"><figure class=\"swiper-slide-inner\"><img decoding=\"async\" class=\"swiper-slide-image\" src=\"https:\/\/www.art-guenther-koehler.com\/wp-content\/uploads\/2018\/11\/Bilder-003_pd35267x.png\" alt=\"Wasser Camague 1958\" \/><figcaption class=\"elementor-image-carousel-caption\">Wasser Camague 1958<\/figcaption><\/figure><\/div><div class=\"swiper-slide\"><figure class=\"swiper-slide-inner\"><img decoding=\"async\" class=\"swiper-slide-image\" src=\"https:\/\/www.art-guenther-koehler.com\/wp-content\/uploads\/2018\/11\/Bilder-002_7820q182.png\" alt=\"Berg Aix en Provence 1958\" \/><figcaption class=\"elementor-image-carousel-caption\">Mountain Aix en Provence 1958<\/figcaption><\/figure><\/div><div class=\"swiper-slide\"><figure class=\"swiper-slide-inner\"><img decoding=\"async\" class=\"swiper-slide-image\" src=\"https:\/\/www.art-guenther-koehler.com\/wp-content\/uploads\/2018\/11\/Bilder-019-2-e1544452127809.jpg\" alt=\"Landschaft Camague 1959\" \/><figcaption class=\"elementor-image-carousel-caption\">Landschaft Camague 1959<\/figcaption><\/figure><\/div><div class=\"swiper-slide\"><figure class=\"swiper-slide-inner\"><img decoding=\"async\" class=\"swiper-slide-image\" src=\"https:\/\/www.art-guenther-koehler.com\/wp-content\/uploads\/2018\/11\/Bilder-010_7820q182-e1544452199951.png\" alt=\"Buschlandschaft Camague 1959\" \/><figcaption class=\"elementor-image-carousel-caption\">Buschlandschaft Camague 1959\n<\/figcaption><\/figure><\/div>\t\t\t<\/div>\n\t\t\t\t\t\t\t\t\t\t\t\t<div class=\"swiper-pagination\"><\/div>\n\t\t\t\t\t\t\t\t\t\t\t\t\t<div class=\"elementor-swiper-button elementor-swiper-button-prev\">\n\t\t\t\t\t\t<i class=\"eicon-chevron-left\" aria-hidden=\"true\"><\/i>\n\t\t\t\t\t\t<span class=\"elementor-screen-only\">Previous<\/span>\n\t\t\t\t\t<\/div>\n\t\t\t\t\t<div class=\"elementor-swiper-button elementor-swiper-button-next\">\n\t\t\t\t\t\t<i class=\"eicon-chevron-right\" aria-hidden=\"true\"><\/i>\n\t\t\t\t\t\t<span class=\"elementor-screen-only\">Next<\/span>\n\t\t\t\t\t<\/div>\n\t\t\t\t\t\t\t\t\t<\/div>\n\t\t\t\t<\/div>\n\t\t\t\t<\/div>\n\t\t\t\t\t\t<\/div>\n\t\t\t\t\t<\/div>\n\t\t<\/div>\n\t\t\t\t\t\t\t\t<\/div>\n\t\t\t\t\t<\/div>\n\t\t<\/section>\n\t\t\t\t<section class=\"elementor-section elementor-top-section elementor-element elementor-element-ed883a0 elementor-section-full_width elementor-section-height-default elementor-section-height-default\" data-id=\"ed883a0\" data-element_type=\"section\">\n\t\t\t\t\t\t<div class=\"elementor-container elementor-column-gap-default\">\n\t\t\t\t\t\t\t<div class=\"elementor-row\">\n\t\t\t\t\t<div class=\"elementor-column elementor-col-100 elementor-top-column elementor-element elementor-element-d58f6a4\" data-id=\"d58f6a4\" data-element_type=\"column\">\n\t\t\t<div class=\"elementor-column-wrap elementor-element-populated\">\n\t\t\t\t\t\t\t<div class=\"elementor-widget-wrap\">\n\t\t\t\t\t\t<div class=\"elementor-element elementor-element-3f0aa88 elementor-widget elementor-widget-text-editor\" data-id=\"3f0aa88\" data-element_type=\"widget\" data-widget_type=\"text-editor.default\">\n\t\t\t\t<div class=\"elementor-widget-container\">\n\t\t\t\t\t<div class=\"elementor-text-editor elementor-clearfix\"><p style=\"text-align: center\"><span style=\"font-size: 8pt\">Die Originalgr\u00f6\u00dfen sind 120 x 100<\/span><\/p><p style=\"text-align: center\"><span style=\"font-size: 8pt\">Not all paintings are on the homepage.<\/span><\/p><\/div>\n\t\t\t\t<\/div>\n\t\t\t\t<\/div>\n\t\t\t\t\t\t<\/div>\n\t\t\t\t\t<\/div>\n\t\t<\/div>\n\t\t\t\t\t\t\t\t<\/div>\n\t\t\t\t\t<\/div>\n\t\t<\/section>\n\t\t\t\t\t\t<\/div>\n\t\t\t\t\t\t<\/div>\n\t\t\t\t\t<\/div>","protected":false},"excerpt":{"rendered":"<p>Mount Victoire Aix en Provence 1990 Cannes Strand 1958 Wasser Camague 1958 Berg Aix en Provence 1958 Landschaft Camague 1959 Buschlandschaft Camague 1959 Die Originalgr\u00f6\u00dfen sind 120 x 100 Es sind nicht alle Gem\u00e4lde auf der Homepage zu sehen.<\/p>","protected":false},"author":1,"featured_media":0,"parent":0,"menu_order":0,"comment_status":"closed","ping_status":"closed","template":"","meta":{"ngg_post_thumbnail":0,"footnotes":""},"class_list":["post-140","page","type-page","status-publish","hentry","entry"],"_links":{"self":[{"href":"https:\/\/www.art-guenther-koehler.com\/en\/wp-json\/wp\/v2\/pages\/140","targetHints":{"allow":["GET"]}}],"collection":[{"href":"https:\/\/www.art-guenther-koehler.com\/en\/wp-json\/wp\/v2\/pages"}],"about":[{"href":"https:\/\/www.art-guenther-koehler.com\/en\/wp-json\/wp\/v2\/types\/page"}],"author":[{"embeddable":true,"href":"https:\/\/www.art-guenther-koehler.com\/en\/wp-json\/wp\/v2\/users\/1"}],"replies":[{"embeddable":true,"href":"https:\/\/www.art-guenther-koehler.com\/en\/wp-json\/wp\/v2\/comments?post=140"}],"version-history":[{"count":48,"href":"https:\/\/www.art-guenther-koehler.com\/en\/wp-json\/wp\/v2\/pages\/140\/revisions"}],"predecessor-version":[{"id":1663,"href":"https:\/\/www.art-guenther-koehler.com\/en\/wp-json\/wp\/v2\/pages\/140\/revisions\/1663"}],"wp:attachment":[{"href":"https:\/\/www.art-guenther-koehler.com\/en\/wp-json\/wp\/v2\/media?parent=140"}],"curies":[{"name":"wp","href":"https:\/\/api.w.org\/{rel}","templated":true}]}}