{"id":7,"date":"2018-11-16T11:42:51","date_gmt":"2018-11-16T11:42:51","guid":{"rendered":"http:\/\/art-guenther-koehler.com\/?page_id=7"},"modified":"2019-01-15T18:15:19","modified_gmt":"2019-01-15T18:15:19","slug":"kunst-des-impressionismus-guenther-koehler","status":"publish","type":"page","link":"https:\/\/www.art-guenther-koehler.com\/en\/","title":{"rendered":"Wellcome !"},"content":{"rendered":"<div data-elementor-type=\"wp-post\" data-elementor-id=\"7\" class=\"elementor elementor-7 elementor-bc-flex-widget\" data-elementor-settings=\"[]\">\n\t\t\t\t\t\t<div class=\"elementor-inner\">\n\t\t\t\t\t\t\t<div class=\"elementor-section-wrap\">\n\t\t\t\t\t\t\t<header class=\"elementor-section elementor-top-section elementor-element elementor-element-4d56d1f elementor-section-full_width elementor-section-height-min-height elementor-section-content-top elementor-section-height-default elementor-section-items-middle\" data-id=\"4d56d1f\" data-element_type=\"section\">\n\t\t\t\t\t\t<div class=\"elementor-container elementor-column-gap-no\">\n\t\t\t\t\t\t\t<div class=\"elementor-row\">\n\t\t\t\t\t<header class=\"elementor-column elementor-col-100 elementor-top-column elementor-element elementor-element-59482d5 elementor-invisible\" data-id=\"59482d5\" data-element_type=\"column\" data-settings=\"{&quot;animation&quot;:&quot;zoomIn&quot;}\">\n\t\t\t<div class=\"elementor-column-wrap elementor-element-populated\">\n\t\t\t\t\t\t\t<div class=\"elementor-widget-wrap\">\n\t\t\t\t\t\t<div class=\"elementor-element elementor-element-fae75db elementor-invisible elementor-widget elementor-widget-heading\" data-id=\"fae75db\" data-element_type=\"widget\" data-settings=\"{&quot;_animation&quot;:&quot;zoomIn&quot;}\" data-widget_type=\"heading.default\">\n\t\t\t\t<div class=\"elementor-widget-container\">\n\t\t\t<h1 class=\"elementor-heading-title elementor-size-xl\"><font style=\"vertical-align: inherit;\"><font style=\"vertical-align: inherit;\" class=\"\"><font style=\"vertical-align: inherit;\"><font style=\"vertical-align: inherit;\" class=\"\">Art of Neo-Impressionism - G\u00fcnther K\u00f6hler<\/font><\/font><\/font><\/font><\/h1>\t\t<\/div>\n\t\t\t\t<\/div>\n\t\t\t\t\t\t<\/div>\n\t\t\t\t\t<\/div>\n\t\t<\/header>\n\t\t\t\t\t\t\t\t<\/div>\n\t\t\t\t\t<\/div>\n\t\t<\/header>\n\t\t\t\t<section class=\"elementor-section elementor-top-section elementor-element elementor-element-ffb14c9 elementor-section-boxed elementor-section-height-default elementor-section-height-default\" data-id=\"ffb14c9\" data-element_type=\"section\">\n\t\t\t\t\t\t<div class=\"elementor-container elementor-column-gap-default\">\n\t\t\t\t\t\t\t<div class=\"elementor-row\">\n\t\t\t\t\t<div class=\"elementor-column elementor-col-100 elementor-top-column elementor-element elementor-element-0a62f78\" data-id=\"0a62f78\" data-element_type=\"column\">\n\t\t\t<div class=\"elementor-column-wrap elementor-element-populated\">\n\t\t\t\t\t\t\t<div class=\"elementor-widget-wrap\">\n\t\t\t\t\t\t<div class=\"elementor-element elementor-element-315b8e3 elementor-widget elementor-widget-text-editor\" data-id=\"315b8e3\" data-element_type=\"widget\" data-widget_type=\"text-editor.default\">\n\t\t\t\t<div class=\"elementor-widget-container\">\n\t\t\t\t\t<div class=\"elementor-text-editor elementor-clearfix\"><p style=\"text-align: center\"><span style=\"font-size: 18pt;font-family: trebuchet ms, geneva, sans-serif\"><span class=\"ff1 cf0 fs40\"><span style=\"font-size: 24pt\">Welcome to my wonderful art homepage<\/span> <br \/><\/span><\/span><\/p><p style=\"text-align: center\"><span style=\"font-family: trebuchet ms, geneva, sans-serif\"><span style=\"font-size: 18pt\"><span class=\"ff1 cf0 fs40\">created 2012 <\/span><\/span><span style=\"font-size: 18pt\"><span class=\"ff1 cf0 fs40\">renewed in 2019<\/span><\/span><\/span><\/p><p style=\"text-align: center\"><span style=\"font-family: trebuchet ms, geneva, sans-serif;font-size: 14pt\">Katrin K\u00f6hler, the daughter of Arthur G\u00fcnther K\u00f6hler <\/span><br \/><span style=\"font-family: trebuchet ms, geneva, sans-serif;font-size: 14pt\">07.12.1922 \u2013 03.02.2003\u00a0 <\/span><\/p><p style=\"text-align: center\"><span style=\"font-family: trebuchet ms, geneva, sans-serif;font-size: 14pt\">would like to introduce to the art world the unique work of your father<\/span><\/p><p style=\"text-align: center\"><span style=\"font-family: trebuchet ms, geneva, sans-serif\"><span style=\"font-size: 14pt\">Student and friend of Oskar Kokoschka: Art Academy in Salzburg 1950 - <\/span><br \/><\/span><\/p><p style=\"text-align: center\"><span style=\"font-size: 18pt;font-family: trebuchet ms, geneva, sans-serif\">\u00a0\"The School of Seeing\"<\/span><\/p><\/div>\n\t\t\t\t<\/div>\n\t\t\t\t<\/div>\n\t\t\t\t\t\t<\/div>\n\t\t\t\t\t<\/div>\n\t\t<\/div>\n\t\t\t\t\t\t\t\t<\/div>\n\t\t\t\t\t<\/div>\n\t\t<\/section>\n\t\t\t\t<section class=\"elementor-section elementor-top-section elementor-element elementor-element-75d7d97 elementor-section-boxed elementor-section-height-default elementor-section-height-default\" data-id=\"75d7d97\" data-element_type=\"section\">\n\t\t\t\t\t\t<div class=\"elementor-container elementor-column-gap-default\">\n\t\t\t\t\t\t\t<div class=\"elementor-row\">\n\t\t\t\t\t<div class=\"elementor-column elementor-col-100 elementor-top-column elementor-element elementor-element-68f04c2\" data-id=\"68f04c2\" data-element_type=\"column\">\n\t\t\t<div class=\"elementor-column-wrap elementor-element-populated\">\n\t\t\t\t\t\t\t<div class=\"elementor-widget-wrap\">\n\t\t\t\t\t\t<div class=\"elementor-element elementor-element-2ac16c2 elementor-invisible elementor-widget elementor-widget-image\" data-id=\"2ac16c2\" data-element_type=\"widget\" data-settings=\"{&quot;_animation&quot;:&quot;fadeInDown&quot;}\" data-widget_type=\"image.default\">\n\t\t\t\t<div class=\"elementor-widget-container\">\n\t\t\t\t\t<div class=\"elementor-image\">\n\t\t\t\t\t\t\t\t\t\t<img loading=\"lazy\" decoding=\"async\" width=\"473\" height=\"672\" src=\"https:\/\/www.art-guenther-koehler.com\/wp-content\/uploads\/2018\/11\/img010.jpg\" class=\"attachment-large size-large\" alt=\"\" srcset=\"https:\/\/www.art-guenther-koehler.com\/wp-content\/uploads\/2018\/11\/img010.jpg 473w, https:\/\/www.art-guenther-koehler.com\/wp-content\/uploads\/2018\/11\/img010-211x300.jpg 211w\" sizes=\"auto, (max-width: 473px) 100vw, 473px\" \/>\t\t\t\t\t\t\t\t\t\t\t<\/div>\n\t\t\t\t<\/div>\n\t\t\t\t<\/div>\n\t\t\t\t\t\t<\/div>\n\t\t\t\t\t<\/div>\n\t\t<\/div>\n\t\t\t\t\t\t\t\t<\/div>\n\t\t\t\t\t<\/div>\n\t\t<\/section>\n\t\t\t\t<section class=\"elementor-section elementor-top-section elementor-element elementor-element-216d501 elementor-section-boxed elementor-section-height-default elementor-section-height-default\" data-id=\"216d501\" data-element_type=\"section\">\n\t\t\t\t\t\t<div class=\"elementor-container elementor-column-gap-default\">\n\t\t\t\t\t\t\t<div class=\"elementor-row\">\n\t\t\t\t\t<div class=\"elementor-column elementor-col-100 elementor-top-column elementor-element elementor-element-db76155\" data-id=\"db76155\" data-element_type=\"column\">\n\t\t\t<div class=\"elementor-column-wrap elementor-element-populated\">\n\t\t\t\t\t\t\t<div class=\"elementor-widget-wrap\">\n\t\t\t\t\t\t<div class=\"elementor-element elementor-element-c831d24 elementor-widget elementor-widget-text-editor\" data-id=\"c831d24\" data-element_type=\"widget\" data-widget_type=\"text-editor.default\">\n\t\t\t\t<div class=\"elementor-widget-container\">\n\t\t\t\t\t<div class=\"elementor-text-editor elementor-clearfix\"><p style=\"text-align: center\"><strong> \"My father a great soul\"<br \/><\/strong><\/p><\/div>\n\t\t\t\t<\/div>\n\t\t\t\t<\/div>\n\t\t\t\t\t\t<\/div>\n\t\t\t\t\t<\/div>\n\t\t<\/div>\n\t\t\t\t\t\t\t\t<\/div>\n\t\t\t\t\t<\/div>\n\t\t<\/section>\n\t\t\t\t<section class=\"elementor-section elementor-top-section elementor-element elementor-element-63a5c72 elementor-section-boxed elementor-section-height-default elementor-section-height-default\" data-id=\"63a5c72\" data-element_type=\"section\">\n\t\t\t\t\t\t<div class=\"elementor-container elementor-column-gap-default\">\n\t\t\t\t\t\t\t<div class=\"elementor-row\">\n\t\t\t\t\t<div class=\"elementor-column elementor-col-100 elementor-top-column elementor-element elementor-element-0932aaf\" data-id=\"0932aaf\" data-element_type=\"column\">\n\t\t\t<div class=\"elementor-column-wrap elementor-element-populated\">\n\t\t\t\t\t\t\t<div class=\"elementor-widget-wrap\">\n\t\t\t\t\t\t<div class=\"elementor-element elementor-element-f827da7 elementor-widget elementor-widget-text-editor\" data-id=\"f827da7\" data-element_type=\"widget\" data-widget_type=\"text-editor.default\">\n\t\t\t\t<div class=\"elementor-widget-container\">\n\t\t\t\t\t<div class=\"elementor-text-editor elementor-clearfix\"><p style=\"text-align: center\"><span style=\"font-family: trebuchet ms, geneva, sans-serif\"><span class=\"fs40 ff1 cf0\" style=\"font-size: 14pt\">Artistic expression at the moment of being. A mirror of the soul in the here and now, in reflection with nature. <br \/>Light & color expression form of being and the translucent divine.<\/span><\/span><\/p><p style=\"text-align: center\"><span style=\"font-family: trebuchet ms, geneva, sans-serif\">Eye impression of Kokoschka:<\/span><\/p><\/div>\n\t\t\t\t<\/div>\n\t\t\t\t<\/div>\n\t\t\t\t\t\t<\/div>\n\t\t\t\t\t<\/div>\n\t\t<\/div>\n\t\t\t\t\t\t\t\t<\/div>\n\t\t\t\t\t<\/div>\n\t\t<\/section>\n\t\t\t\t<section class=\"elementor-section elementor-top-section elementor-element elementor-element-f37bd69 elementor-section-boxed elementor-section-height-default elementor-section-height-default\" data-id=\"f37bd69\" data-element_type=\"section\">\n\t\t\t\t\t\t<div class=\"elementor-container elementor-column-gap-default\">\n\t\t\t\t\t\t\t<div class=\"elementor-row\">\n\t\t\t\t\t<div class=\"elementor-column elementor-col-100 elementor-top-column elementor-element elementor-element-2e6e447\" data-id=\"2e6e447\" data-element_type=\"column\">\n\t\t\t<div class=\"elementor-column-wrap elementor-element-populated\">\n\t\t\t\t\t\t\t<div class=\"elementor-widget-wrap\">\n\t\t\t\t\t\t<div class=\"elementor-element elementor-element-921410e elementor-widget elementor-widget-image\" data-id=\"921410e\" data-element_type=\"widget\" data-widget_type=\"image.default\">\n\t\t\t\t<div class=\"elementor-widget-container\">\n\t\t\t\t\t<div class=\"elementor-image\">\n\t\t\t\t\t\t\t\t\t\t<img loading=\"lazy\" decoding=\"async\" width=\"300\" height=\"212\" src=\"https:\/\/www.art-guenther-koehler.com\/wp-content\/uploads\/2018\/11\/img011_2gnba137-300x212.jpg\" class=\"attachment-medium size-medium\" alt=\"\" srcset=\"https:\/\/www.art-guenther-koehler.com\/wp-content\/uploads\/2018\/11\/img011_2gnba137-300x212.jpg 300w, https:\/\/www.art-guenther-koehler.com\/wp-content\/uploads\/2018\/11\/img011_2gnba137-768x543.jpg 768w, https:\/\/www.art-guenther-koehler.com\/wp-content\/uploads\/2018\/11\/img011_2gnba137-720x510.jpg 720w, https:\/\/www.art-guenther-koehler.com\/wp-content\/uploads\/2018\/11\/img011_2gnba137.jpg 928w\" sizes=\"auto, (max-width: 300px) 100vw, 300px\" \/>\t\t\t\t\t\t\t\t\t\t\t<\/div>\n\t\t\t\t<\/div>\n\t\t\t\t<\/div>\n\t\t\t\t\t\t<\/div>\n\t\t\t\t\t<\/div>\n\t\t<\/div>\n\t\t\t\t\t\t\t\t<\/div>\n\t\t\t\t\t<\/div>\n\t\t<\/section>\n\t\t\t\t<section class=\"elementor-section elementor-top-section elementor-element elementor-element-35eea5c elementor-section-boxed elementor-section-height-default elementor-section-height-default\" data-id=\"35eea5c\" data-element_type=\"section\">\n\t\t\t\t\t\t<div class=\"elementor-container elementor-column-gap-default\">\n\t\t\t\t\t\t\t<div class=\"elementor-row\">\n\t\t\t\t\t<div class=\"elementor-column elementor-col-100 elementor-top-column elementor-element elementor-element-b5de43f\" data-id=\"b5de43f\" data-element_type=\"column\">\n\t\t\t<div class=\"elementor-column-wrap\">\n\t\t\t\t\t\t\t<div class=\"elementor-widget-wrap\">\n\t\t\t\t\t\t\t\t<\/div>\n\t\t\t\t\t<\/div>\n\t\t<\/div>\n\t\t\t\t\t\t\t\t<\/div>\n\t\t\t\t\t<\/div>\n\t\t<\/section>\n\t\t\t\t\t\t<\/div>\n\t\t\t\t\t\t<\/div>\n\t\t\t\t\t<\/div>","protected":false},"excerpt":{"rendered":"<p>Kunst des Neo-Impressionismus &#8211; G\u00fcnther K\u00f6hler Herzlich Willkommen auf meiner wundervollen Kunst Homepage erstellt 2012 erneuert 2019 Katrin K\u00f6hler , die Tochter von Arthur G\u00fcnther K\u00f6hler \u2014 geb. \u2013 07.12.1922 \u2013 03.02.2003\u00a0 m\u00f6chte der Kunstwelt das einmalige Werk Ihres Vaters vorstellen. Sch\u00fcler und Freund von Oskar Kokoschka : Kunstakademi in Salzburg 1950 \u2013 \u00a0\u201d Die [&hellip;]<\/p>","protected":false},"author":1,"featured_media":0,"parent":0,"menu_order":0,"comment_status":"closed","ping_status":"closed","template":"","meta":{"ngg_post_thumbnail":0,"footnotes":""},"class_list":["post-7","page","type-page","status-publish","hentry","entry"],"_links":{"self":[{"href":"https:\/\/www.art-guenther-koehler.com\/en\/wp-json\/wp\/v2\/pages\/7","targetHints":{"allow":["GET"]}}],"collection":[{"href":"https:\/\/www.art-guenther-koehler.com\/en\/wp-json\/wp\/v2\/pages"}],"about":[{"href":"https:\/\/www.art-guenther-koehler.com\/en\/wp-json\/wp\/v2\/types\/page"}],"author":[{"embeddable":true,"href":"https:\/\/www.art-guenther-koehler.com\/en\/wp-json\/wp\/v2\/users\/1"}],"replies":[{"embeddable":true,"href":"https:\/\/www.art-guenther-koehler.com\/en\/wp-json\/wp\/v2\/comments?post=7"}],"version-history":[{"count":218,"href":"https:\/\/www.art-guenther-koehler.com\/en\/wp-json\/wp\/v2\/pages\/7\/revisions"}],"predecessor-version":[{"id":1617,"href":"https:\/\/www.art-guenther-koehler.com\/en\/wp-json\/wp\/v2\/pages\/7\/revisions\/1617"}],"wp:attachment":[{"href":"https:\/\/www.art-guenther-koehler.com\/en\/wp-json\/wp\/v2\/media?parent=7"}],"curies":[{"name":"wp","href":"https:\/\/api.w.org\/{rel}","templated":true}]}}